{"id":6130,"date":"2025-08-03T11:48:22","date_gmt":"2025-08-03T11:48:22","guid":{"rendered":"https:\/\/ihreferien.de\/?post_type=product&#038;p=6130"},"modified":"2026-01-26T15:12:10","modified_gmt":"2026-01-26T15:12:10","slug":"elfi","status":"publish","type":"product","link":"https:\/\/ihreferien.de\/en\/ferienwohnungen\/3-zimmer\/elfi\/","title":{"rendered":"Elfi"},"content":{"rendered":"<ul type=\"disc\">\n<li>3 Zimmer; 1. OG<\/li>\n<li>2 Schlafzimmer\u00a0mit Doppelbett (160*200)<\/li>\n<li>Wohnzimmer mit\u00a0 Couch, Smart-TV, WLAN<\/li>\n<li>Terrasse\u00a0 mit M\u00f6beln, Grill und \u00dcberdachung<\/li>\n<li>Daylight bathroom<\/li>\n<li>separate,\u00a0vollausgestattete Einbauk\u00fcche mit Sp\u00fclmaschine. Ceranfeld, Backofen, etc.<\/li>\n<li>TV<\/li>\n<li>kleine Hunde gern gesehen<\/li>\n<li>Stellplatz (gegen Geb\u00fchr)<\/li>\n<li>Bahnhofstransfer (gegen Geb\u00fchr)<\/li>\n<\/ul>","protected":false},"excerpt":{"rendered":"<p>Die Ferienwohnung liegt\u00a0 in einem 2024 vollst\u00e4ndig neu Ferienhaus mit insgesamt 2 Wohnungen unterschiedlicher Gr\u00f6\u00dfe mit 3 Zimmern f\u00fcr 1-4 Personen im Ortszentrum von Koserow, lediglich ca. 500 Meter vom Ostseestrand entfernt. Gesch\u00e4fte und Restaurants befinden sich in fu\u00dfl\u00e4ufiger Entfernung. Alle Wohnungen verf\u00fcgen \u00fcber Tageslichtbad mit Dusche und Handtuchw\u00e4rmer, Zentralheizung. Die Wohnung ist hochwertig eingerichtet.<\/p>\n<p>More info on Ostsee-Reisen.de<\/p>\n<div class=\"iw-bookingwidget\"><\/div>\n<p> <script id=\"iw-bookingwidgetScript\" type=\"text\/javascript\" src=\"https:\/\/www.buchen.travel\/shared\/_expo\/js-scripts\/jquery.responsiveIframeComplete.js\" data-room=\"127419\" data-onlythisroom=\"1\" data-interfaceid=\"123826\" data-cal=\"only\" data-url=\"https:\/\/bookingwidget.im-web.de\" ><\/script> <\/p>","protected":false},"featured_media":6128,"comment_status":"open","ping_status":"closed","template":"","meta":[],"product_brand":[],"product_cat":[125,165],"product_tag":[],"class_list":{"0":"post-6130","1":"product","2":"type-product","3":"status-publish","4":"has-post-thumbnail","6":"product_cat-3-zimmer","7":"product_cat-haus-elfi","9":"first","10":"instock","11":"shipping-taxable","12":"product-type-external"},"_links":{"self":[{"href":"https:\/\/ihreferien.de\/en\/wp-json\/wp\/v2\/product\/6130","targetHints":{"allow":["GET"]}}],"collection":[{"href":"https:\/\/ihreferien.de\/en\/wp-json\/wp\/v2\/product"}],"about":[{"href":"https:\/\/ihreferien.de\/en\/wp-json\/wp\/v2\/types\/product"}],"replies":[{"embeddable":true,"href":"https:\/\/ihreferien.de\/en\/wp-json\/wp\/v2\/comments?post=6130"}],"wp:featuredmedia":[{"embeddable":true,"href":"https:\/\/ihreferien.de\/en\/wp-json\/wp\/v2\/media\/6128"}],"wp:attachment":[{"href":"https:\/\/ihreferien.de\/en\/wp-json\/wp\/v2\/media?parent=6130"}],"wp:term":[{"taxonomy":"product_brand","embeddable":true,"href":"https:\/\/ihreferien.de\/en\/wp-json\/wp\/v2\/product_brand?post=6130"},{"taxonomy":"product_cat","embeddable":true,"href":"https:\/\/ihreferien.de\/en\/wp-json\/wp\/v2\/product_cat?post=6130"},{"taxonomy":"product_tag","embeddable":true,"href":"https:\/\/ihreferien.de\/en\/wp-json\/wp\/v2\/product_tag?post=6130"}],"curies":[{"name":"wp","href":"https:\/\/api.w.org\/{rel}","templated":true}]}}