{"id":591,"date":"2023-04-20T18:23:22","date_gmt":"2023-04-20T18:23:22","guid":{"rendered":"http:\/\/test.ihreferien.de\/?post_type=product&#038;p=591"},"modified":"2026-01-29T15:39:05","modified_gmt":"2026-01-29T15:39:05","slug":"retiro","status":"publish","type":"product","link":"https:\/\/ihreferien.de\/en\/ferienwohnungen\/3-zimmer\/retiro\/","title":{"rendered":"DHH Retiro"},"content":{"rendered":"<ul>\n<li>3-room holiday flat<\/li>\n<li>Size: 55 sqm<\/li>\n<li>max. 5 Erwachsene und 1 Kind<\/li>\n<li>Schlafzimmer mit Doppelbett, weiteres SZ mit 2 Einzelbetten<\/li>\n<li>WC and shower<\/li>\n<li>Hunde auf Nachfrage erlaubt<\/li>\n<li>Terrasse mit Sitzgelegenheiten<\/li>\n<li>TV, cable or satellite connection, radio<\/li>\n<li>Washing machine<\/li>\n<li>Cooker, Refrigerator, with freezer compartment, Dishwasher, Microwave, Coffee maker, Toaster, Kettle<\/li>\n<\/ul>","protected":false},"excerpt":{"rendered":"<p>Die Doppelhaush\u00e4lfte liegt im r\u00fcckw\u00e4rtigen Bereich der Hauptstr. Insgesamt sind drei Doppelh\u00e4user vorhanden. Alle sechs Wohnungen sind spiegelverkehrt identisch und verf\u00fcgen \u00fcber 3 Zimmern f\u00fcr 1-4 Personen auf zwei Etagen am Rande eines Naturschutzgebietes in absolut ruhiger Lage, lediglich gute 400 Meter von der Seebr\u00fccke in Koserow entfernt. Gesch\u00e4fte und Restaurants befinden sich in fu\u00dfl\u00e4ufiger Entfernung. Alle Wohnungen verf\u00fcgen \u00fcber Tageslichtbad mit Dusche und Handtuchw\u00e4rmer, Zentralheizung. Die Wohnungen sind hochwertig eingerichtet und verf\u00fcgen \u00fcber S\u00fcd-west-Terrassen\/Balkone. Gerne begr\u00fc\u00dfen wir in diesen Wohnungen auch Ihre Fellnase.<\/p>\n<p><a href=\"https:\/\/www.ostsee-reisen.de\/homepage\/101666\/ferienwohnungen\/15161.html\" target=\"_blank\" rel=\"noopener\">More info on Ostsee-Reisen.de<\/a><\/p>\n<div class=\"iw-bookingwidget\"><\/div>\n<p> <script id=\"iw-bookingwidgetScript\" type=\"text\/javascript\" src=\"https:\/\/www.buchen.travel\/shared\/_expo\/js-scripts\/jquery.responsiveIframeComplete.js\" data-room=\"135335\" data-onlythisroom=\"1\" data-interfaceid=\"123826\" data-cal=\"only\" data-url=\"https:\/\/bookingwidget.im-web.de\" ><\/script> <\/p>","protected":false},"featured_media":6172,"comment_status":"open","ping_status":"closed","template":"","meta":[],"product_brand":[],"product_cat":[125,93],"product_tag":[],"class_list":{"0":"post-591","1":"product","2":"type-product","3":"status-publish","4":"has-post-thumbnail","6":"product_cat-3-zimmer","7":"product_cat-retiro","9":"first","10":"instock","11":"shipping-taxable","12":"product-type-external"},"_links":{"self":[{"href":"https:\/\/ihreferien.de\/en\/wp-json\/wp\/v2\/product\/591","targetHints":{"allow":["GET"]}}],"collection":[{"href":"https:\/\/ihreferien.de\/en\/wp-json\/wp\/v2\/product"}],"about":[{"href":"https:\/\/ihreferien.de\/en\/wp-json\/wp\/v2\/types\/product"}],"replies":[{"embeddable":true,"href":"https:\/\/ihreferien.de\/en\/wp-json\/wp\/v2\/comments?post=591"}],"wp:featuredmedia":[{"embeddable":true,"href":"https:\/\/ihreferien.de\/en\/wp-json\/wp\/v2\/media\/6172"}],"wp:attachment":[{"href":"https:\/\/ihreferien.de\/en\/wp-json\/wp\/v2\/media?parent=591"}],"wp:term":[{"taxonomy":"product_brand","embeddable":true,"href":"https:\/\/ihreferien.de\/en\/wp-json\/wp\/v2\/product_brand?post=591"},{"taxonomy":"product_cat","embeddable":true,"href":"https:\/\/ihreferien.de\/en\/wp-json\/wp\/v2\/product_cat?post=591"},{"taxonomy":"product_tag","embeddable":true,"href":"https:\/\/ihreferien.de\/en\/wp-json\/wp\/v2\/product_tag?post=591"}],"curies":[{"name":"wp","href":"https:\/\/api.w.org\/{rel}","templated":true}]}}