{"id":563,"date":"2023-04-20T17:39:12","date_gmt":"2023-04-20T17:39:12","guid":{"rendered":"http:\/\/test.ihreferien.de\/?post_type=product&#038;p=563"},"modified":"2026-01-29T17:20:40","modified_gmt":"2026-01-29T17:20:40","slug":"topas","status":"publish","type":"product","link":"https:\/\/ihreferien.de\/en\/ferienwohnungen\/2-zimmer\/topas\/","title":{"rendered":"Topas"},"content":{"rendered":"<ul>\n<li>2-room flat on the right upper floor with <b>41 m\u00b2 <\/b>living space<\/li>\n<li>\u00a01 bedroom with double bed<\/li>\n<li><b>suitable for 1-2 persons + 1 child &lt; 4 years<\/b><\/li>\n<li>Living room with electric fireplace and open-plan fitted kitchen<\/li>\n<li>Daylight bathroom with shower\/WC<\/li>\n<li>Large balcony facing south<\/li>\n<li>Dogs allowed on request<\/li>\n<li>unobstructed view over the fields to the Achterwasser from the balcony, living room and bedroom<\/li>\n<\/ul>","protected":false},"excerpt":{"rendered":"<p>The flat is decorated in modern reddish colours. All the furniture and furnishings are tastefully coordinated with each other and underline the calm and cosiness of the overall interior design.<\/p>\n<p>Die Wohnung ist optimal f\u00fcr Paare oder Reisepartner geeignet. Durch das gro\u00dfe Wohnzimmer mit Kamin und Dachschr\u00e4gen ist die Wohnung auch die Wahl zum &#8222;\u00dcberwintern&#8220;.<\/p>\n<p><a href=\"https:\/\/www.ostsee-reisen.de\/usedom\/koserow\/ferienwohnungen-koserow-62-3.html\" target=\"_blank\" rel=\"noopener\">More info on Ostsee-Reisen.de<\/a><\/p>\n<div class=\"iw-bookingwidget\"><\/div>\n<p> <script id=\"iw-bookingwidgetScript\" type=\"text\/javascript\" src=\"https:\/\/www.buchen.travel\/shared\/_expo\/js-scripts\/jquery.responsiveIframeComplete.js\" data-room=\"77712\" data-onlythisroom=\"1\" data-interfaceid=\"123826\" data-cal=\"only\" data-url=\"https:\/\/bookingwidget.im-web.de\" ><\/script> <\/p>","protected":false},"featured_media":6273,"comment_status":"open","ping_status":"closed","template":"","meta":[],"product_brand":[],"product_cat":[123,40],"product_tag":[],"class_list":{"0":"post-563","1":"product","2":"type-product","3":"status-publish","4":"has-post-thumbnail","6":"product_cat-2-zimmer","7":"product_cat-idylle-am-meer","9":"first","10":"instock","11":"shipping-taxable","12":"product-type-external"},"_links":{"self":[{"href":"https:\/\/ihreferien.de\/en\/wp-json\/wp\/v2\/product\/563","targetHints":{"allow":["GET"]}}],"collection":[{"href":"https:\/\/ihreferien.de\/en\/wp-json\/wp\/v2\/product"}],"about":[{"href":"https:\/\/ihreferien.de\/en\/wp-json\/wp\/v2\/types\/product"}],"replies":[{"embeddable":true,"href":"https:\/\/ihreferien.de\/en\/wp-json\/wp\/v2\/comments?post=563"}],"wp:featuredmedia":[{"embeddable":true,"href":"https:\/\/ihreferien.de\/en\/wp-json\/wp\/v2\/media\/6273"}],"wp:attachment":[{"href":"https:\/\/ihreferien.de\/en\/wp-json\/wp\/v2\/media?parent=563"}],"wp:term":[{"taxonomy":"product_brand","embeddable":true,"href":"https:\/\/ihreferien.de\/en\/wp-json\/wp\/v2\/product_brand?post=563"},{"taxonomy":"product_cat","embeddable":true,"href":"https:\/\/ihreferien.de\/en\/wp-json\/wp\/v2\/product_cat?post=563"},{"taxonomy":"product_tag","embeddable":true,"href":"https:\/\/ihreferien.de\/en\/wp-json\/wp\/v2\/product_tag?post=563"}],"curies":[{"name":"wp","href":"https:\/\/api.w.org\/{rel}","templated":true}]}}