{"id":561,"date":"2023-04-20T17:36:17","date_gmt":"2023-04-20T17:36:17","guid":{"rendered":"http:\/\/test.ihreferien.de\/?post_type=product&#038;p=561"},"modified":"2026-01-29T20:06:21","modified_gmt":"2026-01-29T20:06:21","slug":"smaragd","status":"publish","type":"product","link":"https:\/\/ihreferien.de\/en\/ferienwohnungen\/3-zimmer\/smaragd\/","title":{"rendered":"Smaragd"},"content":{"rendered":"<ul>\n<li>3-room flat on the ground floor on the right with\u00a0<b>48 m\u00b2 <\/b>living space<\/li>\n<li>1 bedroom with double bed<br \/>\n1 bedroom with bunk bed<\/li>\n<li><b>suitable for 1-4 persons + 1 child &lt; 4 years<\/b><\/li>\n<li>1 living room with open-plan fitted kitchen<\/li>\n<li>1 daylight bathroom with shower\/WC, washing machine<\/li>\n<li>1 terrace facing south with barbecue corner<\/li>\n<\/ul>","protected":false},"excerpt":{"rendered":"<p>Die Wohnung ist im modernen Landhausstil mit Laminatboden und wei\u00df\/brauner M\u00f6blierung gehalten. Die Inneneinrichtung wurde 2014 komplett renoviert. Die Wohnung verf\u00fcgt \u00fcber ein Schlafzimmer mit Doppelbett und ein Schlafzimmer mit Etagenbett. Die Wohnung ist ideal geeignet f\u00fcr Familien und Hundeliebhaber.<\/p>\n<p>Die Ferienwohnung liegt im Erdgescho\u00df des Ferienhauses. Sie besteht aus Wohnzimmer, kompl. ausgestatteter K\u00fcche,\u00a0Schlafzimmer und Tageslichtbad mit Waschmaschine. Die Ausstattung der bordeauxfarbenen Einbauk\u00fcche ist funktional und qualitativ hochwertig unter anderem mit Toaster, Kaffeemaschine, Mikrowelle mit Grill, 4-fach Kochfeld, Geschirrsp\u00fcler, Gefrierfach. Von der gro\u00dfen S\u00fcd-Terrasse und aus dem K\u00fcchenfenster hat man einen fantastischen\u00a0Blick auf die Wiesen Richtung Achterwasser. Sie verf\u00fcgt \u00fcber einen kleinen Elektroedelstahleffektkamin.<\/p>\n<p><a href=\"https:\/\/www.ostsee-reisen.de\/usedom\/koserow\/ferienwohnungen-koserow-62-2.html\" target=\"_blank\" rel=\"noopener\">More info on Ostsee-Reisen.de<\/a><\/p>\n<div class=\"iw-bookingwidget\"><\/div>\n<p> <script id=\"iw-bookingwidgetScript\" type=\"text\/javascript\" src=\"https:\/\/www.buchen.travel\/shared\/_expo\/js-scripts\/jquery.responsiveIframeComplete.js\" data-room=\"73753\" data-onlythisroom=\"1\" data-interfaceid=\"123826\" data-cal=\"only\" data-url=\"https:\/\/bookingwidget.im-web.de\" ><\/script> <\/p>","protected":false},"featured_media":6256,"comment_status":"open","ping_status":"closed","template":"","meta":[],"product_brand":[],"product_cat":[125,40],"product_tag":[],"class_list":{"0":"post-561","1":"product","2":"type-product","3":"status-publish","4":"has-post-thumbnail","6":"product_cat-3-zimmer","7":"product_cat-idylle-am-meer","9":"first","10":"instock","11":"shipping-taxable","12":"product-type-external"},"_links":{"self":[{"href":"https:\/\/ihreferien.de\/en\/wp-json\/wp\/v2\/product\/561","targetHints":{"allow":["GET"]}}],"collection":[{"href":"https:\/\/ihreferien.de\/en\/wp-json\/wp\/v2\/product"}],"about":[{"href":"https:\/\/ihreferien.de\/en\/wp-json\/wp\/v2\/types\/product"}],"replies":[{"embeddable":true,"href":"https:\/\/ihreferien.de\/en\/wp-json\/wp\/v2\/comments?post=561"}],"wp:featuredmedia":[{"embeddable":true,"href":"https:\/\/ihreferien.de\/en\/wp-json\/wp\/v2\/media\/6256"}],"wp:attachment":[{"href":"https:\/\/ihreferien.de\/en\/wp-json\/wp\/v2\/media?parent=561"}],"wp:term":[{"taxonomy":"product_brand","embeddable":true,"href":"https:\/\/ihreferien.de\/en\/wp-json\/wp\/v2\/product_brand?post=561"},{"taxonomy":"product_cat","embeddable":true,"href":"https:\/\/ihreferien.de\/en\/wp-json\/wp\/v2\/product_cat?post=561"},{"taxonomy":"product_tag","embeddable":true,"href":"https:\/\/ihreferien.de\/en\/wp-json\/wp\/v2\/product_tag?post=561"}],"curies":[{"name":"wp","href":"https:\/\/api.w.org\/{rel}","templated":true}]}}