{"id":481,"date":"2023-04-20T16:26:00","date_gmt":"2023-04-20T16:26:00","guid":{"rendered":"http:\/\/test.ihreferien.de\/?post_type=product&#038;p=481"},"modified":"2025-08-03T12:15:51","modified_gmt":"2025-08-03T12:15:51","slug":"wollin-2","status":"publish","type":"product","link":"https:\/\/ihreferien.de\/en\/ferienwohnungen\/1-zimmer-2\/wollin-2\/","title":{"rendered":"Wollin 2"},"content":{"rendered":"<ul type=\"disc\">\n<li>Studio Wohnung mit ca. 35 m\u00b2 Gr\u00f6\u00dfe im 1. Stock des Ferienhauses<\/li>\n<li>Schlafbereich mit Doppelbett<\/li>\n<li>Wohnzimmer mit Sekret\u00e4r und viel Platz<\/li>\n<li>Komplett ausgestattete K\u00fcchenzeile im Wohnzimmer<\/li>\n<li>Daylight bathroom<\/li>\n<li>Flur mit Garderobe<\/li>\n<\/ul>","protected":false},"excerpt":{"rendered":"<p>Das 1998 gebaute Haus liegt in der Ortslage von Koserow. Die nach s\u00fcdwesten ausgerichteten Ferienwohnungen haben einen Blick \u00fcber die an dieser Stelle recht schmale Insel bis zum Achterwasser. Auf den Balkonen genie\u00dfen sie den Sonnenuntergang. Das Haus verf\u00fcgt \u00fcber die 3 Ferienwohungen, die sich im Obergescho\u00df befinden. Im Erdgescho\u00df sind Gewerbeeinheiten untergebracht.<br \/>\nZur Seebr\u00fccke und zum Strand von Koserow sind es nur wenige hundert Meter. Da Sie sich mitten im Ort befinden, sind alle Gesch\u00e4fte und Restaurants fu\u00dfl\u00e4ufig erreichbar.<\/p>\n<p>More info on Ostsee-Reisen.de<\/p>\n<div class=\"iw-bookingwidget\"><\/div>\n<p> <script id=\"iw-bookingwidgetScript\" type=\"text\/javascript\" src=\"https:\/\/www.buchen.travel\/shared\/_expo\/js-scripts\/jquery.responsiveIframeComplete.js\" data-room=\"346175\" data-onlythisroom=\"1\" data-interfaceid=\"123826\" data-cal=\"only\" data-url=\"https:\/\/bookingwidget.im-web.de\" ><\/script> <\/p>","protected":false},"featured_media":6090,"comment_status":"open","ping_status":"closed","template":"","meta":[],"product_brand":[],"product_cat":[124,45],"product_tag":[],"class_list":{"0":"post-481","1":"product","2":"type-product","3":"status-publish","4":"has-post-thumbnail","6":"product_cat-1-zimmer-2","7":"product_cat-haus-wollin","9":"first","10":"instock","11":"shipping-taxable","12":"product-type-external"},"_links":{"self":[{"href":"https:\/\/ihreferien.de\/en\/wp-json\/wp\/v2\/product\/481","targetHints":{"allow":["GET"]}}],"collection":[{"href":"https:\/\/ihreferien.de\/en\/wp-json\/wp\/v2\/product"}],"about":[{"href":"https:\/\/ihreferien.de\/en\/wp-json\/wp\/v2\/types\/product"}],"replies":[{"embeddable":true,"href":"https:\/\/ihreferien.de\/en\/wp-json\/wp\/v2\/comments?post=481"}],"wp:featuredmedia":[{"embeddable":true,"href":"https:\/\/ihreferien.de\/en\/wp-json\/wp\/v2\/media\/6090"}],"wp:attachment":[{"href":"https:\/\/ihreferien.de\/en\/wp-json\/wp\/v2\/media?parent=481"}],"wp:term":[{"taxonomy":"product_brand","embeddable":true,"href":"https:\/\/ihreferien.de\/en\/wp-json\/wp\/v2\/product_brand?post=481"},{"taxonomy":"product_cat","embeddable":true,"href":"https:\/\/ihreferien.de\/en\/wp-json\/wp\/v2\/product_cat?post=481"},{"taxonomy":"product_tag","embeddable":true,"href":"https:\/\/ihreferien.de\/en\/wp-json\/wp\/v2\/product_tag?post=481"}],"curies":[{"name":"wp","href":"https:\/\/api.w.org\/{rel}","templated":true}]}}