{"id":479,"date":"2023-04-20T16:21:58","date_gmt":"2023-04-20T16:21:58","guid":{"rendered":"http:\/\/test.ihreferien.de\/?post_type=product&#038;p=479"},"modified":"2026-01-26T15:12:12","modified_gmt":"2026-01-26T15:12:12","slug":"wollin-1","status":"publish","type":"product","link":"https:\/\/ihreferien.de\/en\/ferienwohnungen\/2-zimmer\/wollin-1\/","title":{"rendered":"Wollin 1"},"content":{"rendered":"<ul>\n<li>2-Raum Wohnung mit ca. 45 m\u00b2 Gr\u00f6\u00dfe im 1. Stock unseres Ferienhauses<\/li>\n<li>Die Wohnung fast direkt am alten Ortskern von Koserow.<\/li>\n<li>Vom Balkon S\u00fcd-Westseite hat man einen sch\u00f6nen Blick Richtung Achterwasser und Sonne am Nachmittag<\/li>\n<li>Vom 2. Balkon auf der S\u00fcd-Ostseite hat man einen sch\u00f6nen Blick auf das Treiben im Dorf<\/li>\n<li>Schlafzimmer mit Doppelbett<\/li>\n<li>Kitchenette<\/li>\n<li>Daylight bathroom<\/li>\n<li>Flur mit Garderobe<\/li>\n<\/ul>","protected":false},"excerpt":{"rendered":"<p>Das 1998 gebaute Haus liegt in der Ortslage von Koserow. Die nach s\u00fcdwesten ausgerichteten Ferienwohnungen haben einen Blick \u00fcber die an dieser Stelle recht schmale Insel bis zum Achterwasser. Auf den Balkonen genie\u00dfen sie den Sonnenuntergang. Das Haus verf\u00fcgt \u00fcber die 3 Ferienwohungen, die sich im Obergescho\u00df befinden. Im Erdgescho\u00df sind Gewerbeeinheiten untergebracht.<br \/>\nZur Seebr\u00fccke und zum Strand von Koserow sind es nur wenige hundert Meter. Da Sie sich mitten im Ort befinden, sind alle Gesch\u00e4fte und Restaurants fu\u00dfl\u00e4ufig erreichbar.<\/p>\n<p>More info on Ostsee-Reisen.de<\/p>\n<div class=\"iw-bookingwidget\"><\/div>\n<p> <script id=\"iw-bookingwidgetScript\" type=\"text\/javascript\" src=\"https:\/\/www.buchen.travel\/shared\/_expo\/js-scripts\/jquery.responsiveIframeComplete.js\" data-room=\"346174\" data-onlythisroom=\"1\" data-interfaceid=\"123826\" data-cal=\"only\" data-url=\"https:\/\/bookingwidget.im-web.de\" ><\/script> <\/p>","protected":false},"featured_media":6067,"comment_status":"open","ping_status":"closed","template":"","meta":[],"product_brand":[],"product_cat":[123,45],"product_tag":[],"class_list":{"0":"post-479","1":"product","2":"type-product","3":"status-publish","4":"has-post-thumbnail","6":"product_cat-2-zimmer","7":"product_cat-haus-wollin","9":"first","10":"instock","11":"shipping-taxable","12":"product-type-external"},"_links":{"self":[{"href":"https:\/\/ihreferien.de\/en\/wp-json\/wp\/v2\/product\/479","targetHints":{"allow":["GET"]}}],"collection":[{"href":"https:\/\/ihreferien.de\/en\/wp-json\/wp\/v2\/product"}],"about":[{"href":"https:\/\/ihreferien.de\/en\/wp-json\/wp\/v2\/types\/product"}],"replies":[{"embeddable":true,"href":"https:\/\/ihreferien.de\/en\/wp-json\/wp\/v2\/comments?post=479"}],"wp:featuredmedia":[{"embeddable":true,"href":"https:\/\/ihreferien.de\/en\/wp-json\/wp\/v2\/media\/6067"}],"wp:attachment":[{"href":"https:\/\/ihreferien.de\/en\/wp-json\/wp\/v2\/media?parent=479"}],"wp:term":[{"taxonomy":"product_brand","embeddable":true,"href":"https:\/\/ihreferien.de\/en\/wp-json\/wp\/v2\/product_brand?post=479"},{"taxonomy":"product_cat","embeddable":true,"href":"https:\/\/ihreferien.de\/en\/wp-json\/wp\/v2\/product_cat?post=479"},{"taxonomy":"product_tag","embeddable":true,"href":"https:\/\/ihreferien.de\/en\/wp-json\/wp\/v2\/product_tag?post=479"}],"curies":[{"name":"wp","href":"https:\/\/api.w.org\/{rel}","templated":true}]}}