{"id":435,"date":"2023-04-20T15:49:24","date_gmt":"2023-04-20T15:49:24","guid":{"rendered":"http:\/\/test.ihreferien.de\/?post_type=product&#038;p=435"},"modified":"2025-01-21T07:57:01","modified_gmt":"2025-01-21T07:57:01","slug":"albatros","status":"publish","type":"product","link":"https:\/\/ihreferien.de\/en\/ferienwohnungen\/2-zimmer\/albatros\/","title":{"rendered":"Albatros"},"content":{"rendered":"<ul type=\"square\">\n<li>2-room flat on the left upper floor with\u00a0<strong>40m\u00b2 <\/strong>living space<\/li>\n<li>1 bedroom with double bed<\/li>\n<li><strong>suitable for 1-2 persons + 1 toddler &lt;4 years old<\/strong><\/li>\n<li>Living room with open-plan fitted kitchen and tiled stove fireplace<\/li>\n<li>Dogs allowed on request<\/li>\n<li>Daylight bathroom with shower\/WC<\/li>\n<li>Balcony facing south with awning and balcony furniture<\/li>\n<li>Washing machine and dryer in the house (use for a fee)<\/li>\n<\/ul>","protected":false},"excerpt":{"rendered":"<p>Unsere 2-Raum-Ferienwohnung &#8222;Albatros&#8220; verf\u00fcgt \u00fcber eine sehr gediegene Ausstattung in Schwarz-chrom-glas-gr\u00fcn. Sie ist damit an die aktuellen Schiffsfarben angelehnt. Mit ihren 40m\u00b2 Gr\u00f6\u00dfe ist sie bestens geeignet f\u00fcr Paare und Einzelreisende.<\/p>\n<p>From their large south-facing balcony, where you can have breakfast in wooden furniture, you have a wonderful view over the roofs of Koserow to the Achterwasser.<\/p>\n<p>The flat has been classified by the DTV with 4 stars in the upper category. Various equipment details in the daylight bathroom such as hairdryer, hand soap and make-up mirror round off the facilities.<\/p>\n<p><a href=\"https:\/\/www.ostsee-reisen.de\/usedom\/koserow\/ferienwohnungen-koserow-43-5.html\" target=\"_blank\" rel=\"noopener\">More info on Ostsee-Reisen.de<\/a><\/p>\n<div class=\"iw-bookingwidget\"><\/div>\n<p> <script id=\"iw-bookingwidgetScript\" type=\"text\/javascript\" src=\"https:\/\/www.buchen.travel\/shared\/_expo\/js-scripts\/jquery.responsiveIframeComplete.js\" data-room=\"73746\" data-onlythisroom=\"1\" data-interfaceid=\"123826\" data-cal=\"only\" data-url=\"https:\/\/bookingwidget.im-web.de\" ><\/script> <\/p>","protected":false},"featured_media":3408,"comment_status":"open","ping_status":"closed","template":"","meta":[],"product_brand":[],"product_cat":[123,39],"product_tag":[],"class_list":{"0":"post-435","1":"product","2":"type-product","3":"status-publish","4":"has-post-thumbnail","6":"product_cat-2-zimmer","7":"product_cat-windjammer2","9":"first","10":"instock","11":"shipping-taxable","12":"product-type-external"},"_links":{"self":[{"href":"https:\/\/ihreferien.de\/en\/wp-json\/wp\/v2\/product\/435","targetHints":{"allow":["GET"]}}],"collection":[{"href":"https:\/\/ihreferien.de\/en\/wp-json\/wp\/v2\/product"}],"about":[{"href":"https:\/\/ihreferien.de\/en\/wp-json\/wp\/v2\/types\/product"}],"replies":[{"embeddable":true,"href":"https:\/\/ihreferien.de\/en\/wp-json\/wp\/v2\/comments?post=435"}],"wp:featuredmedia":[{"embeddable":true,"href":"https:\/\/ihreferien.de\/en\/wp-json\/wp\/v2\/media\/3408"}],"wp:attachment":[{"href":"https:\/\/ihreferien.de\/en\/wp-json\/wp\/v2\/media?parent=435"}],"wp:term":[{"taxonomy":"product_brand","embeddable":true,"href":"https:\/\/ihreferien.de\/en\/wp-json\/wp\/v2\/product_brand?post=435"},{"taxonomy":"product_cat","embeddable":true,"href":"https:\/\/ihreferien.de\/en\/wp-json\/wp\/v2\/product_cat?post=435"},{"taxonomy":"product_tag","embeddable":true,"href":"https:\/\/ihreferien.de\/en\/wp-json\/wp\/v2\/product_tag?post=435"}],"curies":[{"name":"wp","href":"https:\/\/api.w.org\/{rel}","templated":true}]}}