{"id":401,"date":"2023-04-20T15:05:53","date_gmt":"2023-04-20T15:05:53","guid":{"rendered":"http:\/\/test.ihreferien.de\/?post_type=product&#038;p=401"},"modified":"2026-02-09T18:57:01","modified_gmt":"2026-02-09T18:57:01","slug":"alexander-von-humboldt","status":"publish","type":"product","link":"https:\/\/ihreferien.de\/en\/ferienwohnungen\/2-zimmer\/alexander-von-humboldt\/","title":{"rendered":"Alexander von Humboldt"},"content":{"rendered":"<ul>\n<li>2-room flat on the right upper floor with <b>41 m\u00b2 <\/b>living space<\/li>\n<li>\u00a01 bedroom with double bed<\/li>\n<li>\u00a0<b>suitable for 1-2 persons + 1 child &lt; 4 years<\/b><\/li>\n<li>Living room with electric fireplace and open-plan fitted kitchen<\/li>\n<li>Dogs allowed on request<\/li>\n<li>Daylight bathroom with shower\/WC<\/li>\n<li>Large balcony with south-western orientation<\/li>\n<\/ul>","protected":false},"excerpt":{"rendered":"<p>Die Wohnung ist analog zu Segeln und Rumpf der Namensgeberin in wei\u00df-gr\u00fcn-schwarz gehalten. Alle M\u00f6bel und Einrichtungsgegenst\u00e4nde zeigen sich in einer geschmackvoll aufeinander abgestimmten Komposition und unterstreichen die Ruhe und Behaglichkeit ausstrahlende Gesamteinrichtung.\u00a0\u00a0Ein Elektrokachelkamin im gro\u00dfen Wohnzimmer sorgt auch an k\u00e4lteren Tagen f\u00fcr ein hohes Wohlf\u00fchlgef\u00fchl, so da\u00df Sie sich schon nach kurzer Zeit wie zu Hause f\u00fchlen werden. Die Wohnung ist optimal f\u00fcr Paare oder Reisepartner geeignet. Durch das gro\u00dfe Wohnzimmer mit Kamin und Dachschr\u00e4gen ist die Wohnung auch die Wahl zum &#8222;\u00dcberwintern&#8220;.<\/p>\n<p><a href=\"https:\/\/www.ostsee-reisen.de\/usedom\/koserow\/ferienwohnungen-koserow-40-2.html\" target=\"_blank\" rel=\"noopener\">More info on Ostsee-Reisen.de<\/a><\/p>\n<div class=\"iw-bookingwidget\"><\/div>\n<p> <script id=\"iw-bookingwidgetScript\" type=\"text\/javascript\" src=\"https:\/\/www.buchen.travel\/shared\/_expo\/js-scripts\/jquery.responsiveIframeComplete.js\" data-room=\"73742\" data-onlythisroom=\"1\" data-interfaceid=\"123826\" data-cal=\"only\" data-url=\"https:\/\/bookingwidget.im-web.de\" ><\/script> <\/p>","protected":false},"featured_media":6430,"comment_status":"open","ping_status":"closed","template":"","meta":[],"product_brand":[],"product_cat":[123,38],"product_tag":[],"class_list":{"0":"post-401","1":"product","2":"type-product","3":"status-publish","4":"has-post-thumbnail","6":"product_cat-2-zimmer","7":"product_cat-windjammer1","9":"first","10":"instock","11":"shipping-taxable","12":"product-type-external"},"_links":{"self":[{"href":"https:\/\/ihreferien.de\/en\/wp-json\/wp\/v2\/product\/401","targetHints":{"allow":["GET"]}}],"collection":[{"href":"https:\/\/ihreferien.de\/en\/wp-json\/wp\/v2\/product"}],"about":[{"href":"https:\/\/ihreferien.de\/en\/wp-json\/wp\/v2\/types\/product"}],"replies":[{"embeddable":true,"href":"https:\/\/ihreferien.de\/en\/wp-json\/wp\/v2\/comments?post=401"}],"wp:featuredmedia":[{"embeddable":true,"href":"https:\/\/ihreferien.de\/en\/wp-json\/wp\/v2\/media\/6430"}],"wp:attachment":[{"href":"https:\/\/ihreferien.de\/en\/wp-json\/wp\/v2\/media?parent=401"}],"wp:term":[{"taxonomy":"product_brand","embeddable":true,"href":"https:\/\/ihreferien.de\/en\/wp-json\/wp\/v2\/product_brand?post=401"},{"taxonomy":"product_cat","embeddable":true,"href":"https:\/\/ihreferien.de\/en\/wp-json\/wp\/v2\/product_cat?post=401"},{"taxonomy":"product_tag","embeddable":true,"href":"https:\/\/ihreferien.de\/en\/wp-json\/wp\/v2\/product_tag?post=401"}],"curies":[{"name":"wp","href":"https:\/\/api.w.org\/{rel}","templated":true}]}}