{"id":2925,"date":"2023-06-13T07:20:57","date_gmt":"2023-06-13T07:20:57","guid":{"rendered":"https:\/\/ihreferien.de\/?post_type=product&#038;p=2925"},"modified":"2025-04-03T09:18:14","modified_gmt":"2025-04-03T09:18:14","slug":"seemoewe-301","status":"publish","type":"product","link":"https:\/\/ihreferien.de\/en\/ferienwohnungen\/ferienpark-streckelsberg\/haus3\/seemoewe-301\/","title":{"rendered":"Seem\u00f6we 301"},"content":{"rendered":"<ul type=\"square\">\n<li>3-room flat on the ground floor with <b>\u00a060 m\u00b2 <\/b>living space<\/li>\n<li>\u00a01 bedroom with double bed<br \/>\n1 bedroom with two single beds (can be put together)<\/li>\n<li><b>suitable for 1-4 persons + 1 child &lt; 4 years<\/b><\/li>\n<li>Living room with electric fireplace and open-plan fitted kitchen<\/li>\n<li>Dogs allowed<\/li>\n<li>Daylight bathroom with shower\/WC<\/li>\n<li>Large terrace facing south with seating furniture<\/li>\n<li>Playground, barbecue area<\/li>\n<\/ul>","protected":false},"excerpt":{"rendered":"<p>Die Wohnung verf\u00fcgt \u00fcber ein Schlafzimmer mit Doppelbett und ein Schlafzimmer mit zwei Einzelbetten. Die Wohnung ist ideal geeignet f\u00fcr Familien und Hundeliebhaber.<br \/>\nThe apartment is located on the ground floor of the cottage. It consists of living room, fully equipped kitchen, bedroom and daylight bathroom. The equipment of the fitted kitchen is as good as new functional and high quality among other things with toaster, coffee maker, oven with hot air, hob, dishwasher, freezer. Large south-facing terrace overlooking the coastal forest, large play area. Barbecue area.<\/p>\n<p><a href=\"https:\/\/www.ostsee-reisen.de\/usedom\/koserow\/ferienwohnungen-koserow-106-1.html\" target=\"_blank\" rel=\"noopener\">More info on Ostsee-Reisen.de<\/a><\/p>\n<div class=\"iw-bookingwidget\"><\/div>\n<p> <script id=\"iw-bookingwidgetScript\" type=\"text\/javascript\" src=\"https:\/\/www.buchen.travel\/shared\/_expo\/js-scripts\/jquery.responsiveIframeComplete.js\" data-room=\"89091\" data-onlythisroom=\"1\" data-interfaceid=\"123826\" data-cal=\"only\" data-url=\"https:\/\/bookingwidget.im-web.de\" ><\/script> <\/p>","protected":false},"featured_media":5880,"comment_status":"open","ping_status":"closed","template":"","meta":[],"product_brand":[],"product_cat":[125,42,160],"product_tag":[],"class_list":{"0":"post-2925","1":"product","2":"type-product","3":"status-publish","4":"has-post-thumbnail","6":"product_cat-3-zimmer","7":"product_cat-ferienpark-streckelsberg","8":"product_cat-haus3","10":"first","11":"instock","12":"shipping-taxable","13":"product-type-external"},"_links":{"self":[{"href":"https:\/\/ihreferien.de\/en\/wp-json\/wp\/v2\/product\/2925","targetHints":{"allow":["GET"]}}],"collection":[{"href":"https:\/\/ihreferien.de\/en\/wp-json\/wp\/v2\/product"}],"about":[{"href":"https:\/\/ihreferien.de\/en\/wp-json\/wp\/v2\/types\/product"}],"replies":[{"embeddable":true,"href":"https:\/\/ihreferien.de\/en\/wp-json\/wp\/v2\/comments?post=2925"}],"wp:featuredmedia":[{"embeddable":true,"href":"https:\/\/ihreferien.de\/en\/wp-json\/wp\/v2\/media\/5880"}],"wp:attachment":[{"href":"https:\/\/ihreferien.de\/en\/wp-json\/wp\/v2\/media?parent=2925"}],"wp:term":[{"taxonomy":"product_brand","embeddable":true,"href":"https:\/\/ihreferien.de\/en\/wp-json\/wp\/v2\/product_brand?post=2925"},{"taxonomy":"product_cat","embeddable":true,"href":"https:\/\/ihreferien.de\/en\/wp-json\/wp\/v2\/product_cat?post=2925"},{"taxonomy":"product_tag","embeddable":true,"href":"https:\/\/ihreferien.de\/en\/wp-json\/wp\/v2\/product_tag?post=2925"}],"curies":[{"name":"wp","href":"https:\/\/api.w.org\/{rel}","templated":true}]}}