{"id":8,"date":"2023-04-11T12:23:41","date_gmt":"2023-04-11T12:23:41","guid":{"rendered":"http:\/\/test.ihreferien.de\/kasse\/"},"modified":"2025-03-11T12:22:28","modified_gmt":"2025-03-11T12:22:28","slug":"agb","status":"publish","type":"page","link":"https:\/\/ihreferien.de\/en\/agb\/","title":{"rendered":"Allgemeine Gesch\u00e4ftsbedingungen"},"content":{"rendered":"<div data-elementor-type=\"wp-page\" data-elementor-id=\"8\" class=\"elementor elementor-8\">\n\t\t\t\t\t\t<section class=\"elementor-section elementor-top-section elementor-element elementor-element-aa2807c ct-section-stretched elementor-section-height-min-height elementor-section-boxed elementor-section-height-default elementor-section-items-middle\" data-id=\"aa2807c\" data-element_type=\"section\" data-e-type=\"section\" data-settings=\"{&quot;shape_divider_top&quot;:&quot;triangle&quot;,&quot;shape_divider_top_negative&quot;:&quot;yes&quot;,&quot;shape_divider_bottom&quot;:&quot;wave-brush&quot;,&quot;background_background&quot;:&quot;classic&quot;}\">\n\t\t\t\t\t\t\t<div class=\"elementor-background-overlay\"><\/div>\n\t\t\t\t\t\t<div class=\"elementor-shape elementor-shape-top\" aria-hidden=\"true\" data-negative=\"true\">\n\t\t\t<svg xmlns=\"http:\/\/www.w3.org\/2000\/svg\" viewbox=\"0 0 1000 100\" preserveaspectratio=\"none\">\n\t<path class=\"elementor-shape-fill\" d=\"M500.2,94.7L0,0v100h1000V0L500.2,94.7z\"\/>\n<\/svg>\t\t<\/div>\n\t\t\t\t<div class=\"elementor-shape elementor-shape-bottom\" aria-hidden=\"true\" data-negative=\"false\">\n\t\t\t<svg xmlns=\"http:\/\/www.w3.org\/2000\/svg\" viewbox=\"0 0 283.5 27.8\" preserveaspectratio=\"none\">\n\t<path class=\"elementor-shape-fill\" d=\"M283.5,9.7c0,0-7.3,4.3-14,4.6c-6.8,0.3-12.6,0-20.9-1.5c-11.3-2-33.1-10.1-44.7-5.7\ts-12.1,4.6-18,7.4c-6.6,3.2-20,9.6-36.6,9.3C131.6,23.5,99.5,7.2,86.3,8c-1.4,0.1-6.6,0.8-10.5,2c-3.8,1.2-9.4,3.8-17,4.7\tc-3.2,0.4-8.3,1.1-14.2,0.9c-1.5-0.1-6.3-0.4-12-1.6c-5.7-1.2-11-3.1-15.8-3.7C6.5,9.2,0,10.8,0,10.8V0h283.5V9.7z M260.8,11.3\tc-0.7-1-2-0.4-4.3-0.4c-2.3,0-6.1-1.2-5.8-1.1c0.3,0.1,3.1,1.5,6,1.9C259.7,12.2,261.4,12.3,260.8,11.3z M242.4,8.6\tc0,0-2.4-0.2-5.6-0.9c-3.2-0.8-10.3-2.8-15.1-3.5c-8.2-1.1-15.8,0-15.1,0.1c0.8,0.1,9.6-0.6,17.6,1.1c3.3,0.7,9.3,2.2,12.4,2.7\tC239.9,8.7,242.4,8.6,242.4,8.6z M185.2,8.5c1.7-0.7-13.3,4.7-18.5,6.1c-2.1,0.6-6.2,1.6-10,2c-3.9,0.4-8.9,0.4-8.8,0.5\tc0,0.2,5.8,0.8,11.2,0c5.4-0.8,5.2-1.1,7.6-1.6C170.5,14.7,183.5,9.2,185.2,8.5z M199.1,6.9c0.2,0-0.8-0.4-4.8,1.1\tc-4,1.5-6.7,3.5-6.9,3.7c-0.2,0.1,3.5-1.8,6.6-3C197,7.5,199,6.9,199.1,6.9z M283,6c-0.1,0.1-1.9,1.1-4.8,2.5s-6.9,2.8-6.7,2.7\tc0.2,0,3.5-0.6,7.4-2.5C282.8,6.8,283.1,5.9,283,6z M31.3,11.6c0.1-0.2-1.9-0.2-4.5-1.2s-5.4-1.6-7.8-2C15,7.6,7.3,8.5,7.7,8.6\tC8,8.7,15.9,8.3,20.2,9.3c2.2,0.5,2.4,0.5,5.7,1.6S31.2,11.9,31.3,11.6z M73,9.2c0.4-0.1,3.5-1.6,8.4-2.6c4.9-1.1,8.9-0.5,8.9-0.8\tc0-0.3-1-0.9-6.2-0.3S72.6,9.3,73,9.2z M71.6,6.7C71.8,6.8,75,5.4,77.3,5c2.3-0.3,1.9-0.5,1.9-0.6c0-0.1-1.1-0.2-2.7,0.2\tC74.8,5.1,71.4,6.6,71.6,6.7z M93.6,4.4c0.1,0.2,3.5,0.8,5.6,1.8c2.1,1,1.8,0.6,1.9,0.5c0.1-0.1-0.8-0.8-2.4-1.3\tC97.1,4.8,93.5,4.2,93.6,4.4z M65.4,11.1c-0.1,0.3,0.3,0.5,1.9-0.2s2.6-1.3,2.2-1.2s-0.9,0.4-2.5,0.8C65.3,10.9,65.5,10.8,65.4,11.1\tz M34.5,12.4c-0.2,0,2.1,0.8,3.3,0.9c1.2,0.1,2,0.1,2-0.2c0-0.3-0.1-0.5-1.6-0.4C36.6,12.8,34.7,12.4,34.5,12.4z M152.2,21.1\tc-0.1,0.1-2.4-0.3-7.5-0.3c-5,0-13.6-2.4-17.2-3.5c-3.6-1.1,10,3.9,16.5,4.1C150.5,21.6,152.3,21,152.2,21.1z\"\/>\n\t<path class=\"elementor-shape-fill\" d=\"M269.6,18c-0.1-0.1-4.6,0.3-7.2,0c-7.3-0.7-17-3.2-16.6-2.9c0.4,0.3,13.7,3.1,17,3.3\tC267.7,18.8,269.7,18,269.6,18z\"\/>\n\t<path class=\"elementor-shape-fill\" d=\"M227.4,9.8c-0.2-0.1-4.5-1-9.5-1.2c-5-0.2-12.7,0.6-12.3,0.5c0.3-0.1,5.9-1.8,13.3-1.2\tS227.6,9.9,227.4,9.8z\"\/>\n\t<path class=\"elementor-shape-fill\" d=\"M204.5,13.4c-0.1-0.1,2-1,3.2-1.1c1.2-0.1,2,0,2,0.3c0,0.3-0.1,0.5-1.6,0.4\tC206.4,12.9,204.6,13.5,204.5,13.4z\"\/>\n\t<path class=\"elementor-shape-fill\" d=\"M201,10.6c0-0.1-4.4,1.2-6.3,2.2c-1.9,0.9-6.2,3.1-6.1,3.1c0.1,0.1,4.2-1.6,6.3-2.6\tS201,10.7,201,10.6z\"\/>\n\t<path class=\"elementor-shape-fill\" d=\"M154.5,26.7c-0.1-0.1-4.6,0.3-7.2,0c-7.3-0.7-17-3.2-16.6-2.9c0.4,0.3,13.7,3.1,17,3.3\tC152.6,27.5,154.6,26.8,154.5,26.7z\"\/>\n\t<path class=\"elementor-shape-fill\" d=\"M41.9,19.3c0,0,1.2-0.3,2.9-0.1c1.7,0.2,5.8,0.9,8.2,0.7c4.2-0.4,7.4-2.7,7-2.6\tc-0.4,0-4.3,2.2-8.6,1.9c-1.8-0.1-5.1-0.5-6.7-0.4S41.9,19.3,41.9,19.3z\"\/>\n\t<path class=\"elementor-shape-fill\" d=\"M75.5,12.6c0.2,0.1,2-0.8,4.3-1.1c2.3-0.2,2.1-0.3,2.1-0.5c0-0.1-1.8-0.4-3.4,0\tC76.9,11.5,75.3,12.5,75.5,12.6z\"\/>\n\t<path class=\"elementor-shape-fill\" d=\"M15.6,13.2c0-0.1,4.3,0,6.7,0.5c2.4,0.5,5,1.9,5,2c0,0.1-2.7-0.8-5.1-1.4\tC19.9,13.7,15.7,13.3,15.6,13.2z\"\/>\n<\/svg>\t\t<\/div>\n\t\t\t\t\t<div class=\"elementor-container elementor-column-gap-default\">\n\t\t\t\t\t<div class=\"elementor-column elementor-col-100 elementor-top-column elementor-element elementor-element-87860bf\" data-id=\"87860bf\" data-element_type=\"column\" data-e-type=\"column\">\n\t\t\t<div class=\"elementor-widget-wrap elementor-element-populated\">\n\t\t\t\t\t\t<div class=\"elementor-element elementor-element-f7d08db elementor-widget elementor-widget-heading\" data-id=\"f7d08db\" data-element_type=\"widget\" data-e-type=\"widget\" data-widget_type=\"heading.default\">\n\t\t\t\t<div class=\"elementor-widget-container\">\n\t\t\t\t\t<h2 class=\"elementor-heading-title elementor-size-default\">Allgemeine Gesch\u00e4ftsbedingungen<\/h2>\t\t\t\t<\/div>\n\t\t\t\t<\/div>\n\t\t\t\t\t<\/div>\n\t\t<\/div>\n\t\t\t\t\t<\/div>\n\t\t<\/section>\n\t\t\t\t<section class=\"elementor-section elementor-top-section elementor-element elementor-element-2322647d ct-section-stretched elementor-section-boxed elementor-section-height-default elementor-section-height-default\" data-id=\"2322647d\" data-element_type=\"section\" data-e-type=\"section\" data-settings=\"{&quot;shape_divider_top&quot;:&quot;wave-brush&quot;}\">\n\t\t\t\t\t<div class=\"elementor-shape elementor-shape-top\" aria-hidden=\"true\" data-negative=\"false\">\n\t\t\t<svg xmlns=\"http:\/\/www.w3.org\/2000\/svg\" viewbox=\"0 0 283.5 27.8\" preserveaspectratio=\"none\">\n\t<path class=\"elementor-shape-fill\" d=\"M283.5,9.7c0,0-7.3,4.3-14,4.6c-6.8,0.3-12.6,0-20.9-1.5c-11.3-2-33.1-10.1-44.7-5.7\ts-12.1,4.6-18,7.4c-6.6,3.2-20,9.6-36.6,9.3C131.6,23.5,99.5,7.2,86.3,8c-1.4,0.1-6.6,0.8-10.5,2c-3.8,1.2-9.4,3.8-17,4.7\tc-3.2,0.4-8.3,1.1-14.2,0.9c-1.5-0.1-6.3-0.4-12-1.6c-5.7-1.2-11-3.1-15.8-3.7C6.5,9.2,0,10.8,0,10.8V0h283.5V9.7z M260.8,11.3\tc-0.7-1-2-0.4-4.3-0.4c-2.3,0-6.1-1.2-5.8-1.1c0.3,0.1,3.1,1.5,6,1.9C259.7,12.2,261.4,12.3,260.8,11.3z M242.4,8.6\tc0,0-2.4-0.2-5.6-0.9c-3.2-0.8-10.3-2.8-15.1-3.5c-8.2-1.1-15.8,0-15.1,0.1c0.8,0.1,9.6-0.6,17.6,1.1c3.3,0.7,9.3,2.2,12.4,2.7\tC239.9,8.7,242.4,8.6,242.4,8.6z M185.2,8.5c1.7-0.7-13.3,4.7-18.5,6.1c-2.1,0.6-6.2,1.6-10,2c-3.9,0.4-8.9,0.4-8.8,0.5\tc0,0.2,5.8,0.8,11.2,0c5.4-0.8,5.2-1.1,7.6-1.6C170.5,14.7,183.5,9.2,185.2,8.5z M199.1,6.9c0.2,0-0.8-0.4-4.8,1.1\tc-4,1.5-6.7,3.5-6.9,3.7c-0.2,0.1,3.5-1.8,6.6-3C197,7.5,199,6.9,199.1,6.9z M283,6c-0.1,0.1-1.9,1.1-4.8,2.5s-6.9,2.8-6.7,2.7\tc0.2,0,3.5-0.6,7.4-2.5C282.8,6.8,283.1,5.9,283,6z M31.3,11.6c0.1-0.2-1.9-0.2-4.5-1.2s-5.4-1.6-7.8-2C15,7.6,7.3,8.5,7.7,8.6\tC8,8.7,15.9,8.3,20.2,9.3c2.2,0.5,2.4,0.5,5.7,1.6S31.2,11.9,31.3,11.6z M73,9.2c0.4-0.1,3.5-1.6,8.4-2.6c4.9-1.1,8.9-0.5,8.9-0.8\tc0-0.3-1-0.9-6.2-0.3S72.6,9.3,73,9.2z M71.6,6.7C71.8,6.8,75,5.4,77.3,5c2.3-0.3,1.9-0.5,1.9-0.6c0-0.1-1.1-0.2-2.7,0.2\tC74.8,5.1,71.4,6.6,71.6,6.7z M93.6,4.4c0.1,0.2,3.5,0.8,5.6,1.8c2.1,1,1.8,0.6,1.9,0.5c0.1-0.1-0.8-0.8-2.4-1.3\tC97.1,4.8,93.5,4.2,93.6,4.4z M65.4,11.1c-0.1,0.3,0.3,0.5,1.9-0.2s2.6-1.3,2.2-1.2s-0.9,0.4-2.5,0.8C65.3,10.9,65.5,10.8,65.4,11.1\tz M34.5,12.4c-0.2,0,2.1,0.8,3.3,0.9c1.2,0.1,2,0.1,2-0.2c0-0.3-0.1-0.5-1.6-0.4C36.6,12.8,34.7,12.4,34.5,12.4z M152.2,21.1\tc-0.1,0.1-2.4-0.3-7.5-0.3c-5,0-13.6-2.4-17.2-3.5c-3.6-1.1,10,3.9,16.5,4.1C150.5,21.6,152.3,21,152.2,21.1z\"\/>\n\t<path class=\"elementor-shape-fill\" d=\"M269.6,18c-0.1-0.1-4.6,0.3-7.2,0c-7.3-0.7-17-3.2-16.6-2.9c0.4,0.3,13.7,3.1,17,3.3\tC267.7,18.8,269.7,18,269.6,18z\"\/>\n\t<path class=\"elementor-shape-fill\" d=\"M227.4,9.8c-0.2-0.1-4.5-1-9.5-1.2c-5-0.2-12.7,0.6-12.3,0.5c0.3-0.1,5.9-1.8,13.3-1.2\tS227.6,9.9,227.4,9.8z\"\/>\n\t<path class=\"elementor-shape-fill\" d=\"M204.5,13.4c-0.1-0.1,2-1,3.2-1.1c1.2-0.1,2,0,2,0.3c0,0.3-0.1,0.5-1.6,0.4\tC206.4,12.9,204.6,13.5,204.5,13.4z\"\/>\n\t<path class=\"elementor-shape-fill\" d=\"M201,10.6c0-0.1-4.4,1.2-6.3,2.2c-1.9,0.9-6.2,3.1-6.1,3.1c0.1,0.1,4.2-1.6,6.3-2.6\tS201,10.7,201,10.6z\"\/>\n\t<path class=\"elementor-shape-fill\" d=\"M154.5,26.7c-0.1-0.1-4.6,0.3-7.2,0c-7.3-0.7-17-3.2-16.6-2.9c0.4,0.3,13.7,3.1,17,3.3\tC152.6,27.5,154.6,26.8,154.5,26.7z\"\/>\n\t<path class=\"elementor-shape-fill\" d=\"M41.9,19.3c0,0,1.2-0.3,2.9-0.1c1.7,0.2,5.8,0.9,8.2,0.7c4.2-0.4,7.4-2.7,7-2.6\tc-0.4,0-4.3,2.2-8.6,1.9c-1.8-0.1-5.1-0.5-6.7-0.4S41.9,19.3,41.9,19.3z\"\/>\n\t<path class=\"elementor-shape-fill\" d=\"M75.5,12.6c0.2,0.1,2-0.8,4.3-1.1c2.3-0.2,2.1-0.3,2.1-0.5c0-0.1-1.8-0.4-3.4,0\tC76.9,11.5,75.3,12.5,75.5,12.6z\"\/>\n\t<path class=\"elementor-shape-fill\" d=\"M15.6,13.2c0-0.1,4.3,0,6.7,0.5c2.4,0.5,5,1.9,5,2c0,0.1-2.7-0.8-5.1-1.4\tC19.9,13.7,15.7,13.3,15.6,13.2z\"\/>\n<\/svg>\t\t<\/div>\n\t\t\t\t\t<div class=\"elementor-container elementor-column-gap-default\">\n\t\t\t\t\t<div class=\"elementor-column elementor-col-100 elementor-top-column elementor-element elementor-element-3c46944b\" data-id=\"3c46944b\" data-element_type=\"column\" data-e-type=\"column\">\n\t\t\t<div class=\"elementor-widget-wrap elementor-element-populated\">\n\t\t\t\t\t\t<div class=\"elementor-element elementor-element-7d22304e elementor-invisible elementor-widget elementor-widget-text-editor\" data-id=\"7d22304e\" data-element_type=\"widget\" data-e-type=\"widget\" data-settings=\"{&quot;_animation&quot;:&quot;fadeInLeft&quot;,&quot;_animation_mobile&quot;:&quot;fadeInUp&quot;}\" data-widget_type=\"text-editor.default\">\n\t\t\t\t<div class=\"elementor-widget-container\">\n\t\t\t\t\t\t\t\t\t\n<p><strong><span style=\"color: #de941e;\">Booking and deposit<\/span> <\/strong><\/p>\n\n<p>Mit der Buchungsbest\u00e4tigung ist die Buchung rechtsverbindlich. Die Anzahlung \u00fcberweisen sie bitte innerhalb von\u00a0einer Woche\u00a0nach Erhalt der Buchungsbest\u00e4tigung. Andernfalls sind wir berechtigt, die Wohnung anderweitig zu vermieten.<\/p>\n\n<p><span style=\"color: #de941e;\"><strong>Payment <\/strong><\/span><\/p>\n\n<p>Please pay the (remaining) rent at the latest one week before arrival (free of charge). The tenant is not released from paying the rent if he is prevented from exercising his right of use due to a personal reason.<\/p>\n\n<p><span style=\"color: #de941e;\"><strong>Final cleaning\/intermediate cleaning<\/strong><\/span><\/p>\n\n<p>The final cleaning takes place regardless of the length of stay. We assume a cleaning time of about 3 hours. Since new guests often arrive on the same day, we have to keep to these times, which almost always works. If these times are exceeded due to extraordinary effort, we have to charge 30\u20ac separately for each additional hour for cleaning the holiday flat. An intermediate cleaning at the same conditions can be ordered separately on site.<\/p>\n\n<p><span style=\"color: #de941e;\"><strong>Pets<\/strong><\/span><\/p>\n\n<p>Dogs are only allowed in the holiday flats - if permitted - with written permission from us. In principle, proof of liability insurance and the valid tax stamp is required. For additional cleaning we charge a one-time surcharge of 10\u20ac per day and dog, minimum 40\u20ac. Other pets are not permitted.<\/p>\n\n<p><span style=\"color: #de941e;\"><strong>Liability<\/strong><\/span><\/p>\n\n<p>Der Mieter und seine Begleitpersonen haften als Gesamtschuldner im vollen Umfang f\u00fcr die verursachten Sch\u00e4den am Inventar der Ferienwohnung und dem Ferienhaus. Eventuelle Sch\u00e4den m\u00fcssen uns unverz\u00fcglich (038375\/133625) mitgeteilt werden und k\u00f6nnen in der Regel \u00fcber Ihre Haftpflichtversicherung reguliert werden. Eltern haften, soweit gesetzlich zul\u00e4ssig,\u00a0f\u00fcr ihre Kinder.<\/p>\n\n<p>The lessor is liable for improper functioning of the technical equipment. The lessor accepts no liability for theft, fire and water damage to the tenant's property, except in cases of intent or gross negligence.<\/p>\n\n<p><span style=\"color: #de941e;\"><strong>Services and prices<\/strong><\/span><\/p>\n\n<p>Der Umfang der vertraglichen Leistungen ergibt sich aus der Buchungsbest\u00e4tigung. Das Mietobjekt darf nur von der in der Best\u00e4tigung angegebenen Personenzahl bewohnt werden. Kinder, Babys und Haustiere gelten dabei je als eine\u00a0Person. Der Mieter ist nicht berechtigt, die Mietsache einem Dritten zur Nutzung zu \u00fcberlassen, insbesondere diese weiter zu vermieten.<\/p>\n\n<p><span style=\"color: #de941e;\"><strong>Arrival and departure<\/strong><\/span><\/p>\n\n<p>Die Anreise kann zwischen 14 und 17 Uhr, die Abreise hat bis 10 Uhr zu erfolgen. Abweichende An- und Abreisezeiten bed\u00fcrfen unserer schriftlichen Best\u00e4tigung. Bei Anreisen nach 17 Uhr und vollst\u00e4ndiger Vorabzahlung des Mietpreises erh\u00e4lt der Mietende den Code f\u00fcr eine Schl\u00fcsselbox zum self-check-in. Bei fehlender Mietzahlung behalten wir uns vor, ein Warteentgelt in H\u00f6he von 15\u20ac pro angefangener halben Stunde zu erheben.<\/p>\n\n<p><span style=\"color: #de941e;\"><strong>Cancellation \/ Withdrawal<\/strong><\/span><\/p>\n\n<p>Der Mieter hat das Recht, von der Buchung zur\u00fcckzutreten. F\u00fcr die Bearbeitung des R\u00fccktritts erheben wir eine einmalige Bearbeitungsgeb\u00fchr in H\u00f6he von 25\u20ac.<strong>\u00a0<\/strong><\/p>\n\n<p>In the event of cancellation of the booking 30 days or more before the start of the rental period, the hirer undertakes to pay us an additional 50% of the total price as compensation.<\/p>\n\n<p>In the event of cancellation 14 days or more before the start of the rental period, the hirer undertakes to pay us an additional 80% of the total price as compensation.<\/p>\n\n<p>In the event of cancellation on the day of arrival or non-arrival, the tenant undertakes to pay us an additional 90% of the total price as compensation.<\/p>\n\n<p>After we have received the cancellation from you, we will immediately try to find other guests for the corresponding period and offset the income against the cancellation fees exactly.<\/p>\n\n<p>The tenant is at liberty to prove that the damage is less than the flat rates stated above.<\/p>\n\n<p>If the hirer has booked the additional option \"no cancellation fees\", in deviation from the above regulation, no compensation will be demanded if the hirer proves that he or one of the fellow travellers cannot start the journey as a result of:<\/p>\n\n<p>- Unemployment through no fault of their own (certificate from employment agency)<br \/>- Illness (certificate from a registered doctor stating that you are not fit to travel)<br \/>- Death (death certificate)<\/p>\n\n<p><span style=\"color: #de941e;\"><strong>Guests<\/strong><\/span><\/p>\n\n<p>M\u00f6chten Sie G\u00e4ste bei sich n\u00e4chtigen lassen,\u00a0 ist dies bis zur maximal erlaubten Wohnungebelegung m\u00f6glich. Bitte teilen Sie uns dies unbedingt sp\u00e4testens bei Anreise des Gastes mit. F\u00fcr G\u00e4ste erheben wir zus\u00e4tzlich einen Zuschlag von 15\u20ac\/Nacht\/Person, welcher bei uns zu entrichten ist.<\/p>\n\n<p><span style=\"color: #de941e;\"><strong>Non-arrival and early departure<\/strong><\/span><\/p>\n\n<p>In the event of a no-show or early departure, there is no entitlement to a refund of the rental price. We will, however, endeavour to let the accommodation elsewhere and charge the income accordingly.<\/p>\n\n<p><span style=\"color: #de941e;\"><strong>Price reduction<\/strong><\/span><\/p>\n\n<p>In the event of a short-term failure of furnishings, public utilities or due to force majeure, there is no entitlement to a price reduction, unless otherwise stipulated by law.<\/p>\n\n<p><strong><span style=\"color: #de941e;\">Rights of the tenant<\/span> <\/strong><\/p>\n\n<p>If any defects are discovered when moving into the holiday flat, these must be reported to us immediately. Otherwise the flat shall be deemed to have been taken over free of defects.<\/p>\n\n<p>If your stay is considerably impaired as a result of a defect or if the flat becomes uninhabitable and we do not remedy the situation within a reasonable period of time, the tenant is entitled to reduce the rent or terminate the contract. He\/she must inform us of this immediately. Later complaints cannot be accepted. Claims in excess of the rental price are excluded, except in the case of intent or gross negligence.<\/p>\n\n<p><span style=\"color: #de941e;\"><strong>Treatment of the resort <\/strong><\/span><\/p>\n\n<p>The tenant and all fellow travellers undertake to treat the holiday flat and the rooms and facilities intended for common use with care and to observe the house rules.<\/p>\n\n<p><span style=\"color: #de941e;\"><strong>Deposit<\/strong><\/span><\/p>\n\n<p>A deposit is not charged.<\/p>\n\n<p><span style=\"color: #de941e;\"><strong>Cancellation<\/strong><\/span><\/p>\n\n<p>In the event of multiple violations of these rental conditions, the landlord may terminate the rental contract unilaterally and the guest must leave the holiday flat immediately. In this case, there is no entitlement to a refund of the rental price.<\/p>\n\n<p><span style=\"color: #de941e;\"><strong>Parking space\/car<\/strong><\/span><\/p>\n\n<p>If booked by the tenant, he\/she will receive an exclusive parking space with the name of the flat. Only this parking space may be used by the tenant during the rental period. No liability is accepted for damage, break-in or theft of the vehicles. For safety reasons, electric vehicles may only be charged at charging points provided for this purpose. Charging via the household sockets in the flat is not permitted.<\/p>\n\n<p><span style=\"color: #de941e;\"><strong>Equipment of the holiday flat<\/strong><\/span><\/p>\n\n<p>The number of rooms and the location of the rented flat in the property results from the reservation confirmation. An inventory list reflecting the current equipment is available in each holiday flat. Upon moving into the flat, the complete takeover of the inventory is confirmed.<\/p>\n\n<p><span style=\"color: #de941e;\"><strong>Severability clause<\/strong><\/span><\/p>\n\n<p>Should one of the previously described rental conditions be legally invalid, it will be replaced by a provision that comes closest in spirit. The other rental conditions remain unaffected and continue to be valid.<\/p>\n\t\t\t\t\t\t\t\t<\/div>\n\t\t\t\t<\/div>\n\t\t\t\t\t<\/div>\n\t\t<\/div>\n\t\t\t\t\t<\/div>\n\t\t<\/section>\n\t\t\t\t<\/div>","protected":false},"excerpt":{"rendered":"<p>Allgemeine Gesch\u00e4ftsbedingungen Buchung und Anzahlung Mit der Buchungsbest\u00e4tigung ist die Buchung rechtsverbindlich. Die Anzahlung \u00fcberweisen sie bitte innerhalb von\u00a0einer Woche\u00a0nach Erhalt der Buchungsbest\u00e4tigung. Andernfalls sind wir berechtigt, die Wohnung anderweitig zu vermieten. Bezahlung Die Bezahlung des (Rest-)Mietpreises nehmen Sie bitte sp\u00e4testens bis eine Woche vor Anreise (bei uns kostenfrei) vor. Der Mieter wird von der [&hellip;]<\/p>\n","protected":false},"author":1,"featured_media":0,"parent":0,"menu_order":0,"comment_status":"closed","ping_status":"closed","template":"","meta":{"footnotes":""},"class_list":["post-8","page","type-page","status-publish","hentry"],"blocksy_meta":{"page_structure_type":"type-4","vertical_spacing_source":"custom","content_area_spacing":"bottom","has_hero_section":"enabled","styles_descriptor":{"styles":{"desktop":"[data-prefix=\"single_page\"] .entry-header .page-title {--theme-font-size:30px;} [data-prefix=\"single_page\"] .entry-header .entry-meta {--theme-font-weight:600;--theme-text-transform:uppercase;--theme-font-size:12px;--theme-line-height:1.3;}","tablet":"","mobile":""},"google_fonts":[],"version":6},"hero_elements":[{"id":"custom_title","enabled":false,"heading_tag":"h1","title":"Startseite","__id":"89DyNoptLnhfrhYYugrlR"},{"id":"custom_description","enabled":false,"description_visibility":{"desktop":true,"tablet":true,"mobile":false},"__id":"MVj5mBtMr6nQaLtTfrh0p"},{"id":"custom_meta","enabled":false,"meta_elements":[{"id":"author","enabled":true,"label":"Von","has_author_avatar":"yes","avatar_size":25},{"id":"post_date","enabled":true,"label":"Am","date_format_source":"default","date_format":"M j, Y"},{"id":"updated_date","enabled":false,"label":"Am","date_format_source":"default","date_format":"M j, Y"},{"id":"categories","enabled":false,"label":"In","style":"simple"},{"id":"comments","enabled":true}],"page_meta_elements":{"joined":true,"articles_count":true,"comments":true},"__id":"Mw7viGHWAwkxlTKpcfI7e"},{"id":"breadcrumbs","enabled":false,"__id":"CsdhUxe40vzYREgIgJOue"}]},"_links":{"self":[{"href":"https:\/\/ihreferien.de\/en\/wp-json\/wp\/v2\/pages\/8","targetHints":{"allow":["GET"]}}],"collection":[{"href":"https:\/\/ihreferien.de\/en\/wp-json\/wp\/v2\/pages"}],"about":[{"href":"https:\/\/ihreferien.de\/en\/wp-json\/wp\/v2\/types\/page"}],"author":[{"embeddable":true,"href":"https:\/\/ihreferien.de\/en\/wp-json\/wp\/v2\/users\/1"}],"replies":[{"embeddable":true,"href":"https:\/\/ihreferien.de\/en\/wp-json\/wp\/v2\/comments?post=8"}],"version-history":[{"count":39,"href":"https:\/\/ihreferien.de\/en\/wp-json\/wp\/v2\/pages\/8\/revisions"}],"predecessor-version":[{"id":5799,"href":"https:\/\/ihreferien.de\/en\/wp-json\/wp\/v2\/pages\/8\/revisions\/5799"}],"wp:attachment":[{"href":"https:\/\/ihreferien.de\/en\/wp-json\/wp\/v2\/media?parent=8"}],"curies":[{"name":"wp","href":"https:\/\/api.w.org\/{rel}","templated":true}]}}